{"id":6517,"date":"2022-03-16T14:12:37","date_gmt":"2022-03-16T12:12:37","guid":{"rendered":"http:\/\/inprosec.com\/feder\/"},"modified":"2025-11-28T13:59:11","modified_gmt":"2025-11-28T11:59:11","slug":"feder","status":"publish","type":"page","link":"https:\/\/www.inprosec.com\/en\/feder\/","title":{"rendered":"European Regional Development Funds"},"content":{"rendered":"<section class=\"l-section wpb_row height_large\"><div class=\"l-section-h i-cf\"><div class=\"g-cols vc_row via_flex valign_top type_default stacking_default\"><div class=\"vc_col-sm-12 wpb_column vc_column_container\"><div class=\"vc_column-inner\"><div class=\"wpb_wrapper\"><div class=\"w-image align_center\"><div class=\"w-image-h\"><img decoding=\"async\" width=\"1024\" height=\"724\" src=\"https:\/\/www.inprosec.com\/wp-content\/uploads\/2025\/11\/Cartel_Ayudas_Igape_GEE_page-0001-1024x724.jpg\" class=\"attachment-large size-large\" alt=\"\" loading=\"lazy\" srcset=\"https:\/\/www.inprosec.com\/wp-content\/uploads\/2025\/11\/Cartel_Ayudas_Igape_GEE_page-0001-1024x724.jpg 1024w, https:\/\/www.inprosec.com\/wp-content\/uploads\/2025\/11\/Cartel_Ayudas_Igape_GEE_page-0001-300x212.jpg 300w, https:\/\/www.inprosec.com\/wp-content\/uploads\/2025\/11\/Cartel_Ayudas_Igape_GEE_page-0001-600x424.jpg 600w\" sizes=\"auto, (max-width: 1024px) 100vw, 1024px\" \/><\/div><\/div><\/div><\/div><\/div><\/div><\/div><\/section><section class=\"l-section wpb_row height_large\"><div class=\"l-section-h i-cf\"><div class=\"g-cols vc_row via_flex valign_top type_default stacking_default\"><div class=\"vc_col-sm-12 wpb_column vc_column_container\"><div class=\"vc_column-inner\"><div class=\"wpb_wrapper\"><div class=\"w-image align_center\"><div class=\"w-image-h\"><img decoding=\"async\" width=\"1024\" height=\"724\" src=\"https:\/\/www.inprosec.com\/wp-content\/uploads\/2025\/10\/Cartel_publicidad_web_ciber_homologada_es.pdf-1024x724.jpg\" class=\"attachment-large size-large\" alt=\"\" loading=\"lazy\" srcset=\"https:\/\/www.inprosec.com\/wp-content\/uploads\/2025\/10\/Cartel_publicidad_web_ciber_homologada_es.pdf-1024x724.jpg 1024w, https:\/\/www.inprosec.com\/wp-content\/uploads\/2025\/10\/Cartel_publicidad_web_ciber_homologada_es.pdf-300x212.jpg 300w, https:\/\/www.inprosec.com\/wp-content\/uploads\/2025\/10\/Cartel_publicidad_web_ciber_homologada_es.pdf-600x424.jpg 600w, https:\/\/www.inprosec.com\/wp-content\/uploads\/2025\/10\/Cartel_publicidad_web_ciber_homologada_es.pdf.jpg 2000w\" sizes=\"auto, (max-width: 1024px) 100vw, 1024px\" \/><\/div><\/div><\/div><\/div><\/div><\/div><\/div><\/section><section class=\"l-section wpb_row height_large\"><div class=\"l-section-h i-cf\"><div class=\"g-cols vc_row via_flex valign_top type_default stacking_default\"><div class=\"vc_col-sm-12 wpb_column vc_column_container\"><div class=\"vc_column-inner\"><div class=\"wpb_wrapper\"><div class=\"w-image align_center\"><div class=\"w-image-h\"><img decoding=\"async\" width=\"1024\" height=\"632\" src=\"https:\/\/www.inprosec.com\/wp-content\/uploads\/2025\/10\/galicia-emprega-1024x632.jpg\" class=\"attachment-large size-large\" alt=\"\" loading=\"lazy\" srcset=\"https:\/\/www.inprosec.com\/wp-content\/uploads\/2025\/10\/galicia-emprega-1024x632.jpg 1024w, https:\/\/www.inprosec.com\/wp-content\/uploads\/2025\/10\/galicia-emprega-300x185.jpg 300w, https:\/\/www.inprosec.com\/wp-content\/uploads\/2025\/10\/galicia-emprega-600x371.jpg 600w, https:\/\/www.inprosec.com\/wp-content\/uploads\/2025\/10\/galicia-emprega.jpg 2000w\" sizes=\"auto, (max-width: 1024px) 100vw, 1024px\" \/><\/div><\/div><\/div><\/div><\/div><\/div><\/div><\/section><section class=\"l-section wpb_row height_large\"><div class=\"l-section-h i-cf\"><div class=\"g-cols vc_row via_flex valign_top type_default stacking_default\"><div class=\"vc_col-sm-12 wpb_column vc_column_container\"><div class=\"vc_column-inner\"><div class=\"wpb_wrapper\"><div class=\"w-image align_center\"><div class=\"w-image-h\"><img decoding=\"async\" width=\"2481\" height=\"1755\" src=\"https:\/\/www.inprosec.com\/wp-content\/uploads\/2025\/04\/Cartel_publicidade_web_Re-acciona_es_page-0001.jpg\" class=\"attachment-full size-full\" alt=\"\" loading=\"lazy\" srcset=\"https:\/\/www.inprosec.com\/wp-content\/uploads\/2025\/04\/Cartel_publicidade_web_Re-acciona_es_page-0001.jpg 2481w, https:\/\/www.inprosec.com\/wp-content\/uploads\/2025\/04\/Cartel_publicidade_web_Re-acciona_es_page-0001-300x212.jpg 300w, https:\/\/www.inprosec.com\/wp-content\/uploads\/2025\/04\/Cartel_publicidade_web_Re-acciona_es_page-0001-1024x724.jpg 1024w, https:\/\/www.inprosec.com\/wp-content\/uploads\/2025\/04\/Cartel_publicidade_web_Re-acciona_es_page-0001-600x424.jpg 600w\" sizes=\"auto, (max-width: 2481px) 100vw, 2481px\" \/><\/div><\/div><\/div><\/div><\/div><\/div><\/div><\/section><section class=\"l-section wpb_row height_large\"><div class=\"l-section-h i-cf\"><div class=\"g-cols vc_row via_flex valign_top type_default stacking_default\"><div class=\"vc_col-sm-12 wpb_column vc_column_container\"><div class=\"vc_column-inner\"><div class=\"wpb_wrapper\"><div class=\"w-image align_center\"><div class=\"w-image-h\"><img decoding=\"async\" width=\"1024\" height=\"281\" src=\"https:\/\/www.inprosec.com\/wp-content\/uploads\/2025\/04\/Logos-web-beneficiarios_2-1024x281-1.png\" class=\"attachment-full size-full\" alt=\"\" loading=\"lazy\" srcset=\"https:\/\/www.inprosec.com\/wp-content\/uploads\/2025\/04\/Logos-web-beneficiarios_2-1024x281-1.png 1024w, https:\/\/www.inprosec.com\/wp-content\/uploads\/2025\/04\/Logos-web-beneficiarios_2-1024x281-1-300x82.png 300w, https:\/\/www.inprosec.com\/wp-content\/uploads\/2025\/04\/Logos-web-beneficiarios_2-1024x281-1-600x165.png 600w\" sizes=\"auto, (max-width: 1024px) 100vw, 1024px\" \/><\/div><\/div><\/div><\/div><\/div><\/div><\/div><\/section><section class=\"l-section wpb_row height_large\"><div class=\"l-section-h i-cf\"><div class=\"g-cols vc_row via_flex valign_top type_default stacking_default\"><div class=\"vc_col-sm-12 wpb_column vc_column_container\"><div class=\"vc_column-inner\"><div class=\"wpb_wrapper\"><div class=\"w-image align_center\"><div class=\"w-image-h\"><img decoding=\"async\" width=\"1024\" height=\"281\" src=\"https:\/\/www.inprosec.com\/wp-content\/uploads\/2025\/04\/Logos-web-beneficiarios_2-1024x281-1.png\" class=\"attachment-full size-full\" alt=\"\" loading=\"lazy\" srcset=\"https:\/\/www.inprosec.com\/wp-content\/uploads\/2025\/04\/Logos-web-beneficiarios_2-1024x281-1.png 1024w, https:\/\/www.inprosec.com\/wp-content\/uploads\/2025\/04\/Logos-web-beneficiarios_2-1024x281-1-300x82.png 300w, https:\/\/www.inprosec.com\/wp-content\/uploads\/2025\/04\/Logos-web-beneficiarios_2-1024x281-1-600x165.png 600w\" sizes=\"auto, (max-width: 1024px) 100vw, 1024px\" \/><\/div><\/div><\/div><\/div><\/div><\/div><\/div><\/section><section class=\"l-section wpb_row height_large\"><div class=\"l-section-h i-cf\"><div class=\"g-cols vc_row via_flex valign_top type_default stacking_default\"><div class=\"vc_col-sm-12 wpb_column vc_column_container\"><div class=\"vc_column-inner\"><div class=\"wpb_wrapper\"><div class=\"w-image align_center\"><div class=\"w-image-h\"><img decoding=\"async\" width=\"950\" height=\"660\" src=\"https:\/\/www.inprosec.com\/wp-content\/uploads\/2023\/06\/ayudas-contratacion.jpg\" class=\"attachment-full size-full\" alt=\"\" loading=\"lazy\" srcset=\"https:\/\/www.inprosec.com\/wp-content\/uploads\/2023\/06\/ayudas-contratacion.jpg 950w, https:\/\/www.inprosec.com\/wp-content\/uploads\/2023\/06\/ayudas-contratacion-300x208.jpg 300w, https:\/\/www.inprosec.com\/wp-content\/uploads\/2023\/06\/ayudas-contratacion-600x417.jpg 600w\" sizes=\"auto, (max-width: 950px) 100vw, 950px\" \/><\/div><\/div><\/div><\/div><\/div><\/div><\/div><\/section><section class=\"l-section wpb_row height_auto\"><div class=\"l-section-h i-cf\"><div class=\"g-cols vc_row via_flex valign_top type_default stacking_default\"><div class=\"vc_col-sm-12 wpb_column vc_column_container\"><div class=\"vc_column-inner\"><div class=\"wpb_wrapper\"><div class=\"w-image align_center\"><div class=\"w-image-h\"><img decoding=\"async\" width=\"480\" height=\"650\" src=\"https:\/\/www.inprosec.com\/wp-content\/uploads\/2023\/05\/xpande-digital.jpg\" class=\"attachment-full size-full\" alt=\"\" loading=\"lazy\" srcset=\"https:\/\/www.inprosec.com\/wp-content\/uploads\/2023\/05\/xpande-digital.jpg 480w, https:\/\/www.inprosec.com\/wp-content\/uploads\/2023\/05\/xpande-digital-222x300.jpg 222w, https:\/\/www.inprosec.com\/wp-content\/uploads\/2023\/05\/xpande-digital-443x600.jpg 443w\" sizes=\"auto, (max-width: 480px) 100vw, 480px\" \/><\/div><\/div><\/div><\/div><\/div><\/div><\/div><\/section><section class=\"l-section wpb_row height_medium\"><div class=\"l-section-h i-cf\"><div class=\"g-cols vc_row via_flex valign_top type_default stacking_default\"><div class=\"vc_col-sm-12 wpb_column vc_column_container\"><div class=\"vc_column-inner\"><div class=\"wpb_wrapper\"><div class=\"wpb_text_column\"><div class=\"wpb_wrapper\"><p style=\"text-align: center;\">Esta empresa ha sido beneficiaria del Fondo Europeo de Desarrollo Regional cuyo objetivo es mejorar la competitividad de las PYMES y gracias al cual ha puesto en marcha un Plan de Marketing Digital Internacional con el objetivo de mejorar su posicionamiento online en mercados exteriores durante el a\u00f1o 2023. Para ello ha contado con el apoyo del Programa XPANDE DIGITAL de la C\u00e1mara de Comercio de Pontevedra, Vigo y Villagarc\u00eda de Arousa.<\/p>\n<h3 style=\"text-align: center;\"><em>Una manera de hacer Europa<\/em><\/h3>\n<\/div><\/div><\/div><\/div><\/div><\/div><\/div><\/section><section class=\"l-section wpb_row height_large\"><div class=\"l-section-h i-cf\"><div class=\"g-cols vc_row via_flex valign_top type_default stacking_default\"><div class=\"vc_col-sm-12 wpb_column vc_column_container\"><div class=\"vc_column-inner\"><div class=\"wpb_wrapper\"><div class=\"w-image align_center\"><div class=\"w-image-h\"><img decoding=\"async\" width=\"950\" height=\"660\" src=\"https:\/\/www.inprosec.com\/wp-content\/uploads\/2022\/10\/Galicia-emprega.jpg\" class=\"attachment-full size-full\" alt=\"\" loading=\"lazy\" srcset=\"https:\/\/www.inprosec.com\/wp-content\/uploads\/2022\/10\/Galicia-emprega.jpg 950w, https:\/\/www.inprosec.com\/wp-content\/uploads\/2022\/10\/Galicia-emprega-300x208.jpg 300w, https:\/\/www.inprosec.com\/wp-content\/uploads\/2022\/10\/Galicia-emprega-600x417.jpg 600w\" sizes=\"auto, (max-width: 950px) 100vw, 950px\" \/><\/div><\/div><\/div><\/div><\/div><\/div><\/div><\/section><section class=\"l-section wpb_row height_large\"><div class=\"l-section-h i-cf\"><div class=\"g-cols vc_row via_flex valign_top type_default stacking_default\"><div class=\"vc_col-sm-12 wpb_column vc_column_container\"><div class=\"vc_column-inner\"><div class=\"wpb_wrapper\"><div class=\"w-image align_center\"><div class=\"w-image-h\"><img decoding=\"async\" width=\"950\" height=\"660\" src=\"https:\/\/www.inprosec.com\/wp-content\/uploads\/2022\/03\/feder1.jpeg\" class=\"attachment-full size-full\" alt=\"\" loading=\"lazy\" srcset=\"https:\/\/www.inprosec.com\/wp-content\/uploads\/2022\/03\/feder1.jpeg 950w, https:\/\/www.inprosec.com\/wp-content\/uploads\/2022\/03\/feder1-300x208.jpeg 300w\" sizes=\"auto, (max-width: 950px) 100vw, 950px\" \/><\/div><\/div><\/div><\/div><\/div><\/div><\/div><\/section><section class=\"l-section wpb_row height_large\"><div class=\"l-section-h i-cf\"><div class=\"g-cols vc_row via_flex valign_top type_default stacking_default\"><div class=\"vc_col-sm-12 wpb_column vc_column_container\"><div class=\"vc_column-inner\"><div class=\"wpb_wrapper\"><div class=\"w-image align_center\"><div class=\"w-image-h\"><img decoding=\"async\" width=\"800\" height=\"480\" src=\"https:\/\/www.inprosec.com\/wp-content\/uploads\/2022\/03\/feder2.png\" class=\"attachment-full size-full\" alt=\"\" loading=\"lazy\" srcset=\"https:\/\/www.inprosec.com\/wp-content\/uploads\/2022\/03\/feder2.png 800w, https:\/\/www.inprosec.com\/wp-content\/uploads\/2022\/03\/feder2-300x180.png 300w\" sizes=\"auto, (max-width: 800px) 100vw, 800px\" \/><\/div><\/div><\/div><\/div><\/div><\/div><\/div><\/section><section class=\"l-section wpb_row height_large\"><div class=\"l-section-h i-cf\"><div class=\"g-cols vc_row via_flex valign_top type_default stacking_default\"><div class=\"vc_col-sm-12 wpb_column vc_column_container\"><div class=\"vc_column-inner\"><div class=\"wpb_wrapper\"><div class=\"wpb_text_column\"><div class=\"wpb_wrapper\"><h3 style=\"text-align: center;\">IGAPE aid for Industry 4.0 Digitalisation<\/h3>\n<p style=\"text-align: center;\">This company was the beneficiary of a grant from the IGAPE programme &#8220;digitalisation Industry 4.0&#8221;, which aims to promote the digital transformation of the company and favour the growth and consolidation of SMEs, improving their financing, technology and access to advanced support services.<\/p>\n<h3 style=\"text-align: center;\">Operation co-financed by the European Union<\/h3>\n<h3 style=\"text-align: center;\">Galicia EFRD Operational Programme 2014-2020<\/h3>\n<h3 style=\"text-align: center;\">Achieving a more competitive business fabric<\/h3>\n<h3 style=\"text-align: center;\"><em>A way to make Europe<\/em><\/h3>\n<\/div><\/div><div class=\"w-separator size_medium\"><\/div><div class=\"w-image align_center\"><div class=\"w-image-h\"><img decoding=\"async\" width=\"600\" height=\"77\" src=\"https:\/\/www.inprosec.com\/wp-content\/uploads\/2022\/03\/feder3.jpeg\" class=\"attachment-us_600_600 size-us_600_600\" alt=\"\" loading=\"lazy\" srcset=\"https:\/\/www.inprosec.com\/wp-content\/uploads\/2022\/03\/feder3.jpeg 1186w, https:\/\/www.inprosec.com\/wp-content\/uploads\/2022\/03\/feder3-300x38.jpeg 300w, https:\/\/www.inprosec.com\/wp-content\/uploads\/2022\/03\/feder3-1024x131.jpeg 1024w\" sizes=\"auto, (max-width: 600px) 100vw, 600px\" \/><\/div><\/div><\/div><\/div><\/div><\/div><\/div><\/section><section class=\"l-section wpb_row height_large\"><div class=\"l-section-h i-cf\"><div class=\"g-cols vc_row via_flex valign_top type_default stacking_default\"><div class=\"vc_col-sm-12 wpb_column vc_column_container\"><div class=\"vc_column-inner\"><div class=\"wpb_wrapper\"><div class=\"wpb_text_column\"><div class=\"wpb_wrapper\"><h3 style=\"text-align: center;\">ICEX Next Export Initiation Programme<\/h3>\n<p style=\"text-align: center;\">Remote Consulting Services SL, within the framework of the ICEX Next Export Initiation Programme, has been supported by ICEX and co-financed by the European EFRD fund. The aim of this support is to contribute to the international development of the company and its environment.<\/p>\n<\/div><\/div><div class=\"w-separator size_medium\"><\/div><div class=\"w-image align_center\"><div class=\"w-image-h\"><img decoding=\"async\" width=\"600\" height=\"127\" src=\"https:\/\/www.inprosec.com\/wp-content\/uploads\/2022\/03\/feder4.png\" class=\"attachment-us_600_600 size-us_600_600\" alt=\"\" loading=\"lazy\" srcset=\"https:\/\/www.inprosec.com\/wp-content\/uploads\/2022\/03\/feder4.png 707w, https:\/\/www.inprosec.com\/wp-content\/uploads\/2022\/03\/feder4-300x64.png 300w\" sizes=\"auto, (max-width: 600px) 100vw, 600px\" \/><\/div><\/div><\/div><\/div><\/div><\/div><\/div><\/section><section class=\"l-section wpb_row height_large\"><div class=\"l-section-h i-cf\"><div class=\"g-cols vc_row via_flex valign_top type_default stacking_default\"><div class=\"vc_col-sm-12 wpb_column vc_column_container\"><div class=\"vc_column-inner\"><div class=\"wpb_wrapper\"><div class=\"wpb_text_column\"><div class=\"wpb_wrapper\"><h3 style=\"text-align: center;\">Re-Acciona ICT Programme: Services of assistance, diagnosis and implementation of Digital Company solutions<\/h3>\n<p style=\"text-align: center;\">This company participates in the Re-Acciona ICT (Digital Company) Programme, which results in the boosting and promotion of business-led R&amp;I activities, support for the creation and consolidation of innovative companies and support for innovative public procurement.<\/p>\n<p>&nbsp;<\/p>\n<h3 style=\"text-align: center;\">Operation co-financed by the European Union<\/h3>\n<h3 style=\"text-align: center;\">Galicia EFRD Operational Programme 2014-2020<\/h3>\n<h3 style=\"text-align: center;\">Promoting technological development, innovation and quality research<\/h3>\n<h3 style=\"text-align: center;\"><em>A way to make Europe<\/em><\/h3>\n<\/div><\/div><div class=\"w-separator size_medium\"><\/div><div class=\"w-image align_center\"><div class=\"w-image-h\"><img decoding=\"async\" width=\"600\" height=\"97\" src=\"https:\/\/www.inprosec.com\/wp-content\/uploads\/2022\/03\/feder5.png\" class=\"attachment-us_600_600 size-us_600_600\" alt=\"\" loading=\"lazy\" srcset=\"https:\/\/www.inprosec.com\/wp-content\/uploads\/2022\/03\/feder5.png 926w, https:\/\/www.inprosec.com\/wp-content\/uploads\/2022\/03\/feder5-300x49.png 300w\" sizes=\"auto, (max-width: 600px) 100vw, 600px\" \/><\/div><\/div><\/div><\/div><\/div><\/div><\/div><\/section><section class=\"l-section wpb_row height_large\"><div class=\"l-section-h i-cf\"><div class=\"g-cols vc_row via_flex valign_top type_default stacking_default\"><div class=\"vc_col-sm-12 wpb_column vc_column_container\"><div class=\"vc_column-inner\"><div class=\"wpb_wrapper\"><div class=\"wpb_text_column\"><div class=\"wpb_wrapper\"><h3 style=\"text-align: center;\">Re-Acciona Programme: competitive potential analysis, professionalisation and strategic development services<\/h3>\n<p style=\"text-align: center;\">Remote Consulting Services S.L. and its related company, Inprosec Auto S.L. participate in the Re-Acciona Programme, which aims to promote the growth and consolidation of SMEs, improving their financing, technology and access to advanced support services.<\/p>\n<h3 style=\"text-align: center;\">Operation co-financed by the European Union<\/h3>\n<h3 style=\"text-align: center;\">Galicia EFRD Operational Programme 2014-2020<\/h3>\n<h3 style=\"text-align: center;\">Achieving a more competitive business fabric<\/h3>\n<h3 style=\"text-align: center;\"><em>A way to make Europe<\/em><\/h3>\n<p style=\"text-align: center;\"><a name=\"foexga\"><\/a><\/p>\n<h3 style=\"text-align: center;\">Internationalisation Process &#8211; IGAPE Grants Foexga Plan Programme 2019-2020<\/h3>\n<p style=\"text-align: center;\">Remote Consulting Services S.L and Inprosec Auto, S.L. participate in an internationalisation project through the IGAPE programme Plan Foexga 2019-2020. The main objective of this aid is to encourage and stimulate Galician foreign trade and the internationalisation of Galician companies. The intended result is to increase the base of exporting companies and consolidate the presence of Galician companies in international markets.<\/p>\n<h3 style=\"text-align: center;\">Operation co-financed by the European Union<\/h3>\n<h3 style=\"text-align: center;\">Galicia EFRD Operational Programme 2014-2020<\/h3>\n<h3 style=\"text-align: center;\">Achieving a more competitive business fabric<\/h3>\n<h3 style=\"text-align: center;\"><em>A way to make Europe<\/em><\/h3>\n<\/div><\/div><div class=\"w-separator size_medium\"><\/div><div class=\"w-image align_center\"><div class=\"w-image-h\"><img decoding=\"async\" width=\"600\" height=\"78\" src=\"https:\/\/www.inprosec.com\/wp-content\/uploads\/2022\/03\/feder6.png\" class=\"attachment-us_600_600 size-us_600_600\" alt=\"\" loading=\"lazy\" srcset=\"https:\/\/www.inprosec.com\/wp-content\/uploads\/2022\/03\/feder6.png 826w, https:\/\/www.inprosec.com\/wp-content\/uploads\/2022\/03\/feder6-300x39.png 300w\" sizes=\"auto, (max-width: 600px) 100vw, 600px\" \/><\/div><\/div><\/div><\/div><\/div><\/div><\/div><\/section><section class=\"l-section wpb_row height_large\"><div class=\"l-section-h i-cf\"><div class=\"g-cols vc_row via_flex valign_top type_default stacking_default\"><div class=\"vc_col-sm-12 wpb_column vc_column_container\"><div class=\"vc_column-inner\"><div class=\"wpb_wrapper\"><div class=\"wpb_text_column\"><div class=\"wpb_wrapper\"><h3 style=\"text-align: center;\">IGAPE IFI Innova loan for the &#8220;SANTI&#8221; project, which will enable the development of an integral cybersecurity system for OT networks made up of industrial protocols of different types and characteristics<\/h3>\n<\/div><\/div><div class=\"w-separator size_medium\"><\/div><div class=\"w-image align_center\"><div class=\"w-image-h\"><img decoding=\"async\" width=\"600\" height=\"54\" src=\"https:\/\/www.inprosec.com\/wp-content\/uploads\/2022\/03\/feder7.jpeg\" class=\"attachment-us_600_600 size-us_600_600\" alt=\"\" loading=\"lazy\" srcset=\"https:\/\/www.inprosec.com\/wp-content\/uploads\/2022\/03\/feder7.jpeg 1860w, https:\/\/www.inprosec.com\/wp-content\/uploads\/2022\/03\/feder7-300x27.jpeg 300w, https:\/\/www.inprosec.com\/wp-content\/uploads\/2022\/03\/feder7-1024x91.jpeg 1024w\" sizes=\"auto, (max-width: 600px) 100vw, 600px\" \/><\/div><\/div><\/div><\/div><\/div><\/div><\/div><\/section><section class=\"l-section wpb_row height_large\"><div class=\"l-section-h i-cf\"><div class=\"g-cols vc_row via_flex valign_top type_default stacking_default\"><div class=\"vc_col-sm-12 wpb_column vc_column_container\"><div class=\"vc_column-inner\"><div class=\"wpb_wrapper\"><\/div><\/div><\/div><\/div><\/div><\/section>\n","protected":false},"excerpt":{"rendered":"Esta empresa ha sido beneficiaria del Fondo Europeo de Desarrollo Regional cuyo objetivo es mejorar la competitividad de las PYMES y gracias al cual ha puesto en marcha un Plan de Marketing Digital Internacional con el objetivo de mejorar su posicionamiento online en mercados exteriores durante el a\u00f1o 2023. Para ello ha contado con el...","protected":false},"author":1,"featured_media":0,"parent":0,"menu_order":0,"comment_status":"closed","ping_status":"closed","template":"","meta":{"_acf_changed":false,"inline_featured_image":false,"footnotes":""},"class_list":["post-6517","page","type-page","status-publish","hentry"],"acf":[],"yoast_head":"<!-- This site is optimized with the Yoast SEO Premium plugin v26.3 (Yoast SEO v27.4) - https:\/\/yoast.com\/product\/yoast-seo-premium-wordpress\/ -->\n<title>European Regional Development Funds - Inprosec<\/title>\n<meta name=\"robots\" content=\"index, follow, max-snippet:-1, max-image-preview:large, max-video-preview:-1\" \/>\n<link rel=\"canonical\" href=\"https:\/\/www.inprosec.com\/en\/feder\/\" \/>\n<meta property=\"og:locale\" content=\"en_US\" \/>\n<meta property=\"og:type\" content=\"article\" \/>\n<meta property=\"og:title\" content=\"European Regional Development Funds\" \/>\n<meta property=\"og:url\" content=\"https:\/\/www.inprosec.com\/en\/feder\/\" \/>\n<meta property=\"og:site_name\" content=\"Inprosec\" \/>\n<meta property=\"article:modified_time\" content=\"2025-11-28T11:59:11+00:00\" \/>\n<meta name=\"twitter:card\" content=\"summary_large_image\" \/>\n<meta name=\"twitter:label1\" content=\"Est. reading time\" \/>\n\t<meta name=\"twitter:data1\" content=\"3 minutes\" \/>\n<script type=\"application\/ld+json\" class=\"yoast-schema-graph\">{\"@context\":\"https:\\\/\\\/schema.org\",\"@graph\":[{\"@type\":\"WebPage\",\"@id\":\"https:\\\/\\\/www.inprosec.com\\\/en\\\/feder\\\/\",\"url\":\"https:\\\/\\\/www.inprosec.com\\\/en\\\/feder\\\/\",\"name\":\"European Regional Development Funds - Inprosec\",\"isPartOf\":{\"@id\":\"https:\\\/\\\/www.inprosec.com\\\/en\\\/#website\"},\"datePublished\":\"2022-03-16T12:12:37+00:00\",\"dateModified\":\"2025-11-28T11:59:11+00:00\",\"breadcrumb\":{\"@id\":\"https:\\\/\\\/www.inprosec.com\\\/en\\\/feder\\\/#breadcrumb\"},\"inLanguage\":\"en-US\",\"potentialAction\":[{\"@type\":\"ReadAction\",\"target\":[\"https:\\\/\\\/www.inprosec.com\\\/en\\\/feder\\\/\"]}]},{\"@type\":\"BreadcrumbList\",\"@id\":\"https:\\\/\\\/www.inprosec.com\\\/en\\\/feder\\\/#breadcrumb\",\"itemListElement\":[{\"@type\":\"ListItem\",\"position\":1,\"name\":\"Home\",\"item\":\"https:\\\/\\\/www.inprosec.com\\\/en\\\/\"},{\"@type\":\"ListItem\",\"position\":2,\"name\":\"European Regional Development Funds\"}]},{\"@type\":\"WebSite\",\"@id\":\"https:\\\/\\\/www.inprosec.com\\\/en\\\/#website\",\"url\":\"https:\\\/\\\/www.inprosec.com\\\/en\\\/\",\"name\":\"Inprosec\",\"description\":\"Information security is our priority.\",\"potentialAction\":[{\"@type\":\"SearchAction\",\"target\":{\"@type\":\"EntryPoint\",\"urlTemplate\":\"https:\\\/\\\/www.inprosec.com\\\/en\\\/?s={search_term_string}\"},\"query-input\":{\"@type\":\"PropertyValueSpecification\",\"valueRequired\":true,\"valueName\":\"search_term_string\"}}],\"inLanguage\":\"en-US\"}]}<\/script>\n<!-- \/ Yoast SEO Premium plugin. -->","yoast_head_json":{"title":"European Regional Development Funds - Inprosec","robots":{"index":"index","follow":"follow","max-snippet":"max-snippet:-1","max-image-preview":"max-image-preview:large","max-video-preview":"max-video-preview:-1"},"canonical":"https:\/\/www.inprosec.com\/en\/feder\/","og_locale":"en_US","og_type":"article","og_title":"European Regional Development Funds","og_url":"https:\/\/www.inprosec.com\/en\/feder\/","og_site_name":"Inprosec","article_modified_time":"2025-11-28T11:59:11+00:00","twitter_card":"summary_large_image","twitter_misc":{"Est. reading time":"3 minutes"},"schema":{"@context":"https:\/\/schema.org","@graph":[{"@type":"WebPage","@id":"https:\/\/www.inprosec.com\/en\/feder\/","url":"https:\/\/www.inprosec.com\/en\/feder\/","name":"European Regional Development Funds - Inprosec","isPartOf":{"@id":"https:\/\/www.inprosec.com\/en\/#website"},"datePublished":"2022-03-16T12:12:37+00:00","dateModified":"2025-11-28T11:59:11+00:00","breadcrumb":{"@id":"https:\/\/www.inprosec.com\/en\/feder\/#breadcrumb"},"inLanguage":"en-US","potentialAction":[{"@type":"ReadAction","target":["https:\/\/www.inprosec.com\/en\/feder\/"]}]},{"@type":"BreadcrumbList","@id":"https:\/\/www.inprosec.com\/en\/feder\/#breadcrumb","itemListElement":[{"@type":"ListItem","position":1,"name":"Home","item":"https:\/\/www.inprosec.com\/en\/"},{"@type":"ListItem","position":2,"name":"European Regional Development Funds"}]},{"@type":"WebSite","@id":"https:\/\/www.inprosec.com\/en\/#website","url":"https:\/\/www.inprosec.com\/en\/","name":"Inprosec","description":"Information security is our priority.","potentialAction":[{"@type":"SearchAction","target":{"@type":"EntryPoint","urlTemplate":"https:\/\/www.inprosec.com\/en\/?s={search_term_string}"},"query-input":{"@type":"PropertyValueSpecification","valueRequired":true,"valueName":"search_term_string"}}],"inLanguage":"en-US"}]}},"_links":{"self":[{"href":"https:\/\/www.inprosec.com\/en\/wp-json\/wp\/v2\/pages\/6517","targetHints":{"allow":["GET"]}}],"collection":[{"href":"https:\/\/www.inprosec.com\/en\/wp-json\/wp\/v2\/pages"}],"about":[{"href":"https:\/\/www.inprosec.com\/en\/wp-json\/wp\/v2\/types\/page"}],"author":[{"embeddable":true,"href":"https:\/\/www.inprosec.com\/en\/wp-json\/wp\/v2\/users\/1"}],"replies":[{"embeddable":true,"href":"https:\/\/www.inprosec.com\/en\/wp-json\/wp\/v2\/comments?post=6517"}],"version-history":[{"count":11,"href":"https:\/\/www.inprosec.com\/en\/wp-json\/wp\/v2\/pages\/6517\/revisions"}],"predecessor-version":[{"id":13785,"href":"https:\/\/www.inprosec.com\/en\/wp-json\/wp\/v2\/pages\/6517\/revisions\/13785"}],"wp:attachment":[{"href":"https:\/\/www.inprosec.com\/en\/wp-json\/wp\/v2\/media?parent=6517"}],"curies":[{"name":"wp","href":"https:\/\/api.w.org\/{rel}","templated":true}]}}